{"id":794,"date":"2022-01-11T09:31:40","date_gmt":"2022-01-11T13:31:40","guid":{"rendered":"https:\/\/gpabdoncalderon.gob.ec\/azuay\/?page_id=794"},"modified":"2023-04-05T12:01:11","modified_gmt":"2023-04-05T16:01:11","slug":"rendicion-de-cuentas-2022","status":"publish","type":"page","link":"https:\/\/gpabdoncalderon.gob.ec\/azuay\/rendicion-de-cuentas-2022\/","title":{"rendered":"Rendici\u00f3n de Cuentas 2022"},"content":{"rendered":"<p>&nbsp;<\/p>\n[vc_row][vc_column][vc_tta_accordion][vc_tta_section title=\u00bbGAD Parroquial\u00bb tab_id=\u00bb1623958227374-5c58b2af-8ac5&#8243;][vc_column_text]\n<p><a href=\"https:\/\/gpabdoncalderon.gob.ec\/azuay\/wp-content\/uploads\/2023\/04\/INFORME-DE-RENDICION-DE-CUENTAS-ANO-2022-signed.pdf\">INFORME DE RENDICION DE CUENTAS A\u00d1O 2022-signed<\/a><\/p>\n<p><a href=\"https:\/\/gpabdoncalderon.gob.ec\/azuay\/wp-content\/uploads\/2023\/04\/CEDULA-DE-GASTO-2022-signed-signed.pdf\">CEDULA DE GASTO 2022-signed-signed<\/a><\/p>\n<p><a href=\"https:\/\/gpabdoncalderon.gob.ec\/azuay\/wp-content\/uploads\/2023\/04\/FORMULARIO-GAD-PARROQUIAL.pdf\">FORMULARIO GAD PARROQUIAL<\/a><\/p>\n[\/vc_column_text][\/vc_tta_section][vc_tta_section title=\u00bbPresidente\u00bb tab_id=\u00bb1623958227409-e7d13602-b593&#8243;][vc_column_text]\n<p>&nbsp;<\/p>\n<p>&nbsp;<\/p>\n[\/vc_column_text][\/vc_tta_section][vc_tta_section title=\u00bbVicepresidente\u00bb tab_id=\u00bb1624580923381-cd19b767-4e38&#8243;][vc_column_text]\n<p>&nbsp;<\/p>\n<p>&nbsp;<\/p>\n[\/vc_column_text][\/vc_tta_section][vc_tta_section title=\u00bb1er Vocal\u00bb tab_id=\u00bb1623958297630-1198d4bc-8fad\u00bb][vc_column_text]\n<p>&nbsp;<\/p>\n<p>&nbsp;<\/p>\n[\/vc_column_text][\/vc_tta_section][vc_tta_section title=\u00bb2do Vocal\u00bb tab_id=\u00bb1623958330451-fee7c70c-7d92&#8243;][vc_column_text]\n<p>&nbsp;<\/p>\n<p>&nbsp;<\/p>\n[\/vc_column_text][\/vc_tta_section][vc_tta_section title=\u00bb3er Vocal\u00bb tab_id=\u00bb1623958332553-aa29634c-0caa\u00bb][vc_column_text]\n<p>&nbsp;<\/p>\n<p>&nbsp;<\/p>\n[\/vc_column_text][\/vc_tta_section][\/vc_tta_accordion][vc_column_text]\n<p>&nbsp;<\/p>\n<p>&nbsp;<\/p>\n[\/vc_column_text][\/vc_column][\/vc_row]\n","protected":false},"excerpt":{"rendered":"<p>&nbsp; [vc_row][vc_column][vc_tta_accordion][vc_tta_section title=\u00bbGAD Parroquial\u00bb tab_id=\u00bb1623958227374-5c58b2af-8ac5&#8243;][vc_column_text] INFORME DE RENDICION DE CUENTAS A\u00d1O 2022-signed CEDULA DE GASTO 2022-signed-signed FORMULARIO GAD PARROQUIAL [\/vc_column_text][\/vc_tta_section][vc_tta_section title=\u00bbPresidente\u00bb tab_id=\u00bb1623958227409-e7d13602-b593&#8243;][vc_column_text] &nbsp; &nbsp; [\/vc_column_text][\/vc_tta_section][vc_tta_section title=\u00bbVicepresidente\u00bb tab_id=\u00bb1624580923381-cd19b767-4e38&#8243;][vc_column_text] &nbsp; &nbsp; [\/vc_column_text][\/vc_tta_section][vc_tta_section title=\u00bb1er Vocal\u00bb tab_id=\u00bb1623958297630-1198d4bc-8fad\u00bb][vc_column_text] &nbsp; &nbsp; [\/vc_column_text][\/vc_tta_section][vc_tta_section title=\u00bb2do Vocal\u00bb tab_id=\u00bb1623958330451-fee7c70c-7d92&#8243;][vc_column_text] &nbsp; &nbsp; [\/vc_column_text][\/vc_tta_section][vc_tta_section title=\u00bb3er Vocal\u00bb tab_id=\u00bb1623958332553-aa29634c-0caa\u00bb][vc_column_text] &nbsp; &nbsp; [\/vc_column_text][\/vc_tta_section][\/vc_tta_accordion][vc_column_text] &nbsp; &nbsp; [\/vc_column_text][\/vc_column][\/vc_row]<\/p>\n","protected":false},"author":6,"featured_media":0,"parent":0,"menu_order":0,"comment_status":"closed","ping_status":"closed","template":"","meta":{"footnotes":""},"class_list":["post-794","page","type-page","status-publish","hentry"],"yoast_head":"<!-- This site is optimized with the Yoast SEO plugin v24.1 - https:\/\/yoast.com\/wordpress\/plugins\/seo\/ -->\n<title>Rendici\u00f3n de Cuentas 2022 - GAD parroquial Abd\u00f3n Calder\u00f3n<\/title>\n<meta name=\"robots\" content=\"index, follow, max-snippet:-1, max-image-preview:large, max-video-preview:-1\" \/>\n<link rel=\"canonical\" href=\"https:\/\/gpabdoncalderon.gob.ec\/azuay\/rendicion-de-cuentas-2022\/\" \/>\n<meta property=\"og:locale\" content=\"es_ES\" \/>\n<meta property=\"og:type\" content=\"article\" \/>\n<meta property=\"og:title\" content=\"Rendici\u00f3n de Cuentas 2022 - GAD parroquial Abd\u00f3n Calder\u00f3n\" \/>\n<meta property=\"og:description\" content=\"&nbsp; [vc_row][vc_column][vc_tta_accordion][vc_tta_section title=\u00bbGAD Parroquial\u00bb tab_id=\u00bb1623958227374-5c58b2af-8ac5&#8243;][vc_column_text] INFORME DE RENDICION DE CUENTAS A\u00d1O 2022-signed CEDULA DE GASTO 2022-signed-signed FORMULARIO GAD PARROQUIAL [\/vc_column_text][\/vc_tta_section][vc_tta_section title=\u00bbPresidente\u00bb tab_id=\u00bb1623958227409-e7d13602-b593&#8243;][vc_column_text] &nbsp; &nbsp; [\/vc_column_text][\/vc_tta_section][vc_tta_section title=\u00bbVicepresidente\u00bb tab_id=\u00bb1624580923381-cd19b767-4e38&#8243;][vc_column_text] &nbsp; &nbsp; [\/vc_column_text][\/vc_tta_section][vc_tta_section title=\u00bb1er Vocal\u00bb tab_id=\u00bb1623958297630-1198d4bc-8fad\u00bb][vc_column_text] &nbsp; &nbsp; [\/vc_column_text][\/vc_tta_section][vc_tta_section title=\u00bb2do Vocal\u00bb tab_id=\u00bb1623958330451-fee7c70c-7d92&#8243;][vc_column_text] &nbsp; &nbsp; [\/vc_column_text][\/vc_tta_section][vc_tta_section title=\u00bb3er Vocal\u00bb tab_id=\u00bb1623958332553-aa29634c-0caa\u00bb][vc_column_text] &nbsp; &nbsp; [\/vc_column_text][\/vc_tta_section][\/vc_tta_accordion][vc_column_text] &nbsp; &nbsp; [\/vc_column_text][\/vc_column][\/vc_row]\" \/>\n<meta property=\"og:url\" content=\"https:\/\/gpabdoncalderon.gob.ec\/azuay\/rendicion-de-cuentas-2022\/\" \/>\n<meta property=\"og:site_name\" content=\"GAD parroquial Abd\u00f3n Calder\u00f3n\" \/>\n<meta property=\"article:modified_time\" content=\"2023-04-05T16:01:11+00:00\" \/>\n<meta name=\"twitter:card\" content=\"summary_large_image\" \/>\n<meta name=\"twitter:label1\" content=\"Tiempo de lectura\" \/>\n\t<meta name=\"twitter:data1\" content=\"1 minuto\" \/>\n<script type=\"application\/ld+json\" class=\"yoast-schema-graph\">{\"@context\":\"https:\/\/schema.org\",\"@graph\":[{\"@type\":\"WebPage\",\"@id\":\"https:\/\/gpabdoncalderon.gob.ec\/azuay\/rendicion-de-cuentas-2022\/\",\"url\":\"https:\/\/gpabdoncalderon.gob.ec\/azuay\/rendicion-de-cuentas-2022\/\",\"name\":\"Rendici\u00f3n de Cuentas 2022 - GAD parroquial Abd\u00f3n Calder\u00f3n\",\"isPartOf\":{\"@id\":\"https:\/\/gpabdoncalderon.gob.ec\/azuay\/#website\"},\"datePublished\":\"2022-01-11T13:31:40+00:00\",\"dateModified\":\"2023-04-05T16:01:11+00:00\",\"breadcrumb\":{\"@id\":\"https:\/\/gpabdoncalderon.gob.ec\/azuay\/rendicion-de-cuentas-2022\/#breadcrumb\"},\"inLanguage\":\"es\",\"potentialAction\":[{\"@type\":\"ReadAction\",\"target\":[\"https:\/\/gpabdoncalderon.gob.ec\/azuay\/rendicion-de-cuentas-2022\/\"]}]},{\"@type\":\"BreadcrumbList\",\"@id\":\"https:\/\/gpabdoncalderon.gob.ec\/azuay\/rendicion-de-cuentas-2022\/#breadcrumb\",\"itemListElement\":[{\"@type\":\"ListItem\",\"position\":1,\"name\":\"Home\",\"item\":\"https:\/\/gpabdoncalderon.gob.ec\/azuay\/\"},{\"@type\":\"ListItem\",\"position\":2,\"name\":\"Rendici\u00f3n de Cuentas 2022\"}]},{\"@type\":\"WebSite\",\"@id\":\"https:\/\/gpabdoncalderon.gob.ec\/azuay\/#website\",\"url\":\"https:\/\/gpabdoncalderon.gob.ec\/azuay\/\",\"name\":\"GAD parroquial Abd\u00f3n Calder\u00f3n\",\"description\":\"Sitio Oficial del GAD Parroquial Abd\u00f3n Calder\u00f3n Azuay\",\"publisher\":{\"@id\":\"https:\/\/gpabdoncalderon.gob.ec\/azuay\/#organization\"},\"potentialAction\":[{\"@type\":\"SearchAction\",\"target\":{\"@type\":\"EntryPoint\",\"urlTemplate\":\"https:\/\/gpabdoncalderon.gob.ec\/azuay\/?s={search_term_string}\"},\"query-input\":{\"@type\":\"PropertyValueSpecification\",\"valueRequired\":true,\"valueName\":\"search_term_string\"}}],\"inLanguage\":\"es\"},{\"@type\":\"Organization\",\"@id\":\"https:\/\/gpabdoncalderon.gob.ec\/azuay\/#organization\",\"name\":\"GAD Abd\u00f3n Calder\u00f3n\",\"url\":\"https:\/\/gpabdoncalderon.gob.ec\/azuay\/\",\"logo\":{\"@type\":\"ImageObject\",\"inLanguage\":\"es\",\"@id\":\"https:\/\/gpabdoncalderon.gob.ec\/azuay\/#\/schema\/logo\/image\/\",\"url\":\"https:\/\/gpabdoncalderon.gob.ec\/azuay\/wp-content\/uploads\/2020\/06\/logoFooter.png\",\"contentUrl\":\"https:\/\/gpabdoncalderon.gob.ec\/azuay\/wp-content\/uploads\/2020\/06\/logoFooter.png\",\"width\":200,\"height\":150,\"caption\":\"GAD Abd\u00f3n Calder\u00f3n\"},\"image\":{\"@id\":\"https:\/\/gpabdoncalderon.gob.ec\/azuay\/#\/schema\/logo\/image\/\"}}]}<\/script>\n<!-- \/ Yoast SEO plugin. -->","yoast_head_json":{"title":"Rendici\u00f3n de Cuentas 2022 - GAD parroquial Abd\u00f3n Calder\u00f3n","robots":{"index":"index","follow":"follow","max-snippet":"max-snippet:-1","max-image-preview":"max-image-preview:large","max-video-preview":"max-video-preview:-1"},"canonical":"https:\/\/gpabdoncalderon.gob.ec\/azuay\/rendicion-de-cuentas-2022\/","og_locale":"es_ES","og_type":"article","og_title":"Rendici\u00f3n de Cuentas 2022 - GAD parroquial Abd\u00f3n Calder\u00f3n","og_description":"&nbsp; [vc_row][vc_column][vc_tta_accordion][vc_tta_section title=\u00bbGAD Parroquial\u00bb tab_id=\u00bb1623958227374-5c58b2af-8ac5&#8243;][vc_column_text] INFORME DE RENDICION DE CUENTAS A\u00d1O 2022-signed CEDULA DE GASTO 2022-signed-signed FORMULARIO GAD PARROQUIAL [\/vc_column_text][\/vc_tta_section][vc_tta_section title=\u00bbPresidente\u00bb tab_id=\u00bb1623958227409-e7d13602-b593&#8243;][vc_column_text] &nbsp; &nbsp; [\/vc_column_text][\/vc_tta_section][vc_tta_section title=\u00bbVicepresidente\u00bb tab_id=\u00bb1624580923381-cd19b767-4e38&#8243;][vc_column_text] &nbsp; &nbsp; [\/vc_column_text][\/vc_tta_section][vc_tta_section title=\u00bb1er Vocal\u00bb tab_id=\u00bb1623958297630-1198d4bc-8fad\u00bb][vc_column_text] &nbsp; &nbsp; [\/vc_column_text][\/vc_tta_section][vc_tta_section title=\u00bb2do Vocal\u00bb tab_id=\u00bb1623958330451-fee7c70c-7d92&#8243;][vc_column_text] &nbsp; &nbsp; [\/vc_column_text][\/vc_tta_section][vc_tta_section title=\u00bb3er Vocal\u00bb tab_id=\u00bb1623958332553-aa29634c-0caa\u00bb][vc_column_text] &nbsp; &nbsp; [\/vc_column_text][\/vc_tta_section][\/vc_tta_accordion][vc_column_text] &nbsp; &nbsp; [\/vc_column_text][\/vc_column][\/vc_row]","og_url":"https:\/\/gpabdoncalderon.gob.ec\/azuay\/rendicion-de-cuentas-2022\/","og_site_name":"GAD parroquial Abd\u00f3n Calder\u00f3n","article_modified_time":"2023-04-05T16:01:11+00:00","twitter_card":"summary_large_image","twitter_misc":{"Tiempo de lectura":"1 minuto"},"schema":{"@context":"https:\/\/schema.org","@graph":[{"@type":"WebPage","@id":"https:\/\/gpabdoncalderon.gob.ec\/azuay\/rendicion-de-cuentas-2022\/","url":"https:\/\/gpabdoncalderon.gob.ec\/azuay\/rendicion-de-cuentas-2022\/","name":"Rendici\u00f3n de Cuentas 2022 - GAD parroquial Abd\u00f3n Calder\u00f3n","isPartOf":{"@id":"https:\/\/gpabdoncalderon.gob.ec\/azuay\/#website"},"datePublished":"2022-01-11T13:31:40+00:00","dateModified":"2023-04-05T16:01:11+00:00","breadcrumb":{"@id":"https:\/\/gpabdoncalderon.gob.ec\/azuay\/rendicion-de-cuentas-2022\/#breadcrumb"},"inLanguage":"es","potentialAction":[{"@type":"ReadAction","target":["https:\/\/gpabdoncalderon.gob.ec\/azuay\/rendicion-de-cuentas-2022\/"]}]},{"@type":"BreadcrumbList","@id":"https:\/\/gpabdoncalderon.gob.ec\/azuay\/rendicion-de-cuentas-2022\/#breadcrumb","itemListElement":[{"@type":"ListItem","position":1,"name":"Home","item":"https:\/\/gpabdoncalderon.gob.ec\/azuay\/"},{"@type":"ListItem","position":2,"name":"Rendici\u00f3n de Cuentas 2022"}]},{"@type":"WebSite","@id":"https:\/\/gpabdoncalderon.gob.ec\/azuay\/#website","url":"https:\/\/gpabdoncalderon.gob.ec\/azuay\/","name":"GAD parroquial Abd\u00f3n Calder\u00f3n","description":"Sitio Oficial del GAD Parroquial Abd\u00f3n Calder\u00f3n Azuay","publisher":{"@id":"https:\/\/gpabdoncalderon.gob.ec\/azuay\/#organization"},"potentialAction":[{"@type":"SearchAction","target":{"@type":"EntryPoint","urlTemplate":"https:\/\/gpabdoncalderon.gob.ec\/azuay\/?s={search_term_string}"},"query-input":{"@type":"PropertyValueSpecification","valueRequired":true,"valueName":"search_term_string"}}],"inLanguage":"es"},{"@type":"Organization","@id":"https:\/\/gpabdoncalderon.gob.ec\/azuay\/#organization","name":"GAD Abd\u00f3n Calder\u00f3n","url":"https:\/\/gpabdoncalderon.gob.ec\/azuay\/","logo":{"@type":"ImageObject","inLanguage":"es","@id":"https:\/\/gpabdoncalderon.gob.ec\/azuay\/#\/schema\/logo\/image\/","url":"https:\/\/gpabdoncalderon.gob.ec\/azuay\/wp-content\/uploads\/2020\/06\/logoFooter.png","contentUrl":"https:\/\/gpabdoncalderon.gob.ec\/azuay\/wp-content\/uploads\/2020\/06\/logoFooter.png","width":200,"height":150,"caption":"GAD Abd\u00f3n Calder\u00f3n"},"image":{"@id":"https:\/\/gpabdoncalderon.gob.ec\/azuay\/#\/schema\/logo\/image\/"}}]}},"_links":{"self":[{"href":"https:\/\/gpabdoncalderon.gob.ec\/azuay\/wp-json\/wp\/v2\/pages\/794","targetHints":{"allow":["GET"]}}],"collection":[{"href":"https:\/\/gpabdoncalderon.gob.ec\/azuay\/wp-json\/wp\/v2\/pages"}],"about":[{"href":"https:\/\/gpabdoncalderon.gob.ec\/azuay\/wp-json\/wp\/v2\/types\/page"}],"author":[{"embeddable":true,"href":"https:\/\/gpabdoncalderon.gob.ec\/azuay\/wp-json\/wp\/v2\/users\/6"}],"replies":[{"embeddable":true,"href":"https:\/\/gpabdoncalderon.gob.ec\/azuay\/wp-json\/wp\/v2\/comments?post=794"}],"version-history":[{"count":9,"href":"https:\/\/gpabdoncalderon.gob.ec\/azuay\/wp-json\/wp\/v2\/pages\/794\/revisions"}],"predecessor-version":[{"id":2070,"href":"https:\/\/gpabdoncalderon.gob.ec\/azuay\/wp-json\/wp\/v2\/pages\/794\/revisions\/2070"}],"wp:attachment":[{"href":"https:\/\/gpabdoncalderon.gob.ec\/azuay\/wp-json\/wp\/v2\/media?parent=794"}],"curies":[{"name":"wp","href":"https:\/\/api.w.org\/{rel}","templated":true}]}}