{"id":632,"date":"2020-06-03T18:17:29","date_gmt":"2020-06-03T22:17:29","guid":{"rendered":"http:\/\/gpabdoncalderon.gob.ec\/azuay\/?page_id=632"},"modified":"2025-08-21T17:26:50","modified_gmt":"2025-08-21T21:26:50","slug":"pagina-oficial-del-gad-abdon-calderon","status":"publish","type":"page","link":"https:\/\/gpabdoncalderon.gob.ec\/azuay\/","title":{"rendered":"P\u00e1gina Oficial del GAD Abd\u00f3n Calder\u00f3n"},"content":{"rendered":"[vc_row][vc_column width=\u00bb1\/2&#8243;][vc_column_text]\n<p style=\"text-align: center;\"><a href=\"https:\/\/gpabdoncalderon.gob.ec\/azuay\/wp-content\/uploads\/2023\/07\/WhatsApp-Image-2023-07-25-at-11.18.21.jpeg\"><img loading=\"lazy\" decoding=\"async\" class=\"alignnone size-full wp-image-1702\" src=\"https:\/\/gpabdoncalderon.gob.ec\/azuay\/wp-content\/uploads\/2023\/07\/WhatsApp-Image-2023-07-25-at-11.18.21.jpeg\" alt=\"\" width=\"445\" height=\"287\" \/><\/a><\/p>\n<p>La Defensor\u00eda del Pueblo, con la finalidad de reconocer a las entidades que se encuentran obligadas a transparentar y garantizar el acceso a la informaci\u00f3n p\u00fablica, nos dio a conocer que el GAD permite contar con la Insignia anual de registro de catastro 2022, que debera ser incorporada en la p\u00e1gina web y las redes sociales. Insignia con la cual se valida que el\u00a0GAD PARROQUIAL RURAL ABDON CALDERON se encuentra registrado en la base de datos del catastro defensorial constante en el aplicativo web \u00abMLOTAIP-Entidades\u00bb<\/p>\n[\/vc_column_text][\/vc_column][vc_column width=\u00bb1\/2&#8243;][vc_column_text]<div id=\"fb-root\"><\/div>\n            <script>(function(d, s, id) {\n              var js, fjs = d.getElementsByTagName(s)[0];\n              if (d.getElementById(id)) return;\n              js = d.createElement(s); js.id = id;\n              js.async=true; \n              js.src = \"\/\/connect.facebook.net\/es_LA\/all.js#xfbml=1&appId=395202813876688\";\n              fjs.parentNode.insertBefore(js, fjs);\n            }(document, 'script', 'facebook-jssdk'));<\/script> <div class=\"efbl-like-box 1\">\n                  <div class=\"fb-page\" data-animclass=\"fadeIn\" data-href=\"https:\/\/www.facebook.com\/abdon.calderon.75\" data-hide-cover=false data-width=\"750\"   data-height=\"450\" data-show-facepile=false  data-show-posts=true data-adapt-container-width=true data-hide-cta=false data-small-header=\"true\">\n                  <\/div> \n                  \n               <\/div>\n            [\/vc_column_text][\/vc_column][\/vc_row][vc_row bg_type=\u00bbbg_color\u00bb bg_color_value=\u00bb#f7f7f7&#8243; css=\u00bb.vc_custom_1581547090144{padding-top: 0px !important;padding-bottom: 0px !important;}\u00bb][vc_column css=\u00bb.vc_custom_1529671385255{background-position: center !important;background-repeat: no-repeat !important;background-size: cover !important;}\u00bb][vc_row_inner][vc_column_inner]<div id=\"ultimate-heading-41096a01bd1dbb08e\" class=\"uvc-heading ult-adjust-bottom-margin ultimate-heading-41096a01bd1dbb08e uvc-1648 accent-border-color\" data-hspacer=\"line_only\"  data-halign=\"center\" style=\"text-align:center\"><div class=\"uvc-main-heading ult-responsive\"  data-ultimate-target='.uvc-heading.ultimate-heading-41096a01bd1dbb08e h2'  data-responsive-json-new='{\"font-size\":\"desktop:26px;\",\"line-height\":\"desktop:36px;\"}' ><h2 style=\"font-weight:normal;margin-bottom:15px;\">EN LINEA<\/h2><\/div><div class=\"uvc-heading-spacer line_only\" style=\"margin-bottom:60px;height:4px;\"><span class=\"uvc-headings-line\" style=\"border-style:solid;border-bottom-width:4px;border-color:#eeee22;width:100px;\"><\/span><\/div><\/div>[\/vc_column_inner][\/vc_row_inner][vc_row_inner][vc_column_inner width=\u00bb1\/3&#8243;]<div class=\"ult-just-icon-wrapper  \"><div class=\"align-icon\" style=\"text-align:center;\">\n<div class=\"aio-icon none \" data-animation=\"swing\" data-animation-delay=\"03\" style=\"color:#ea841e;font-size:80px;display:inline-block;\">\n\t<i class=\"Defaults-bar-chart bar-chart-o\"><\/i>\n<\/div><\/div><\/div><div id=\"ultimate-heading-93346a01bd1dbb17e\" class=\"uvc-heading ult-adjust-bottom-margin ultimate-heading-93346a01bd1dbb17e uvc-5273 \" data-hspacer=\"no_spacer\"  data-halign=\"center\" style=\"text-align:center\"><div class=\"uvc-heading-spacer no_spacer\" style=\"top\"><\/div><div class=\"uvc-main-heading ult-responsive\"  data-ultimate-target='.uvc-heading.ultimate-heading-93346a01bd1dbb17e h2'  data-responsive-json-new='{\"font-size\":\"desktop:26px;\",\"line-height\":\"desktop:36px;\"}' ><h2 style=\"font-weight:normal;margin-bottom:5px;\">Rendici\u00f3n de Cuentas<\/h2><\/div><div class=\"uvc-sub-heading ult-responsive\"  data-ultimate-target='.uvc-heading.ultimate-heading-93346a01bd1dbb17e .uvc-sub-heading '  data-responsive-json-new='{\"font-size\":\"\",\"line-height\":\"desktop:28px;\"}'  style=\"font-weight:normal;margin-bottom:20px;\">Informe anual sobre los trabajos y gesti\u00f3n realizada.<\/div><\/div><div class=\" ubtn-ctn-center \"><button type=\"button\" id=\"ubtn-3981\"  class=\"ubtn ult-adjust-bottom-margin ult-responsive ubtn-normal ubtn-fade-bg  ulta-float  ubtn-center   tooltip-6a01bd1dbb1a2\"  data-hover=\"\" data-border-color=\"\" data-bg=\"#e0e0e0\" data-hover-bg=\"\" data-border-hover=\"\" data-shadow-hover=\"\" data-shadow-click=\"none\" data-shadow=\"\" data-shd-shadow=\"\"  data-ultimate-target='#ubtn-3981'  data-responsive-json-new='{\"font-size\":\"\",\"line-height\":\"\"}'  style=\"font-weight:normal;border:none;background: #e0e0e0;color: #000000;\"><span class=\"ubtn-hover\" style=\"background-color:\"><\/span><span class=\"ubtn-data ubtn-text \" >Descargar<\/span><\/button><\/div>[\/vc_column_inner][vc_column_inner width=\u00bb1\/3&#8243;]<div class=\"ult-just-icon-wrapper  \"><div class=\"align-icon\" style=\"text-align:center;\">\n<div class=\"aio-icon none \" data-animation=\"swing\" data-animation-delay=\"03\" style=\"color:#ea841e;font-size:80px;display:inline-block;\">\n\t<i class=\"Defaults-book\"><\/i>\n<\/div><\/div><\/div><div id=\"ultimate-heading-20006a01bd1dbb1e3\" class=\"uvc-heading ult-adjust-bottom-margin ultimate-heading-20006a01bd1dbb1e3 uvc-176 \" data-hspacer=\"no_spacer\"  data-halign=\"center\" style=\"text-align:center\"><div class=\"uvc-heading-spacer no_spacer\" style=\"top\"><\/div><div class=\"uvc-main-heading ult-responsive\"  data-ultimate-target='.uvc-heading.ultimate-heading-20006a01bd1dbb1e3 h2'  data-responsive-json-new='{\"font-size\":\"desktop:26px;\",\"line-height\":\"desktop:36px;\"}' ><h2 style=\"font-weight:normal;margin-bottom:5px;\">PDOT<\/h2><\/div><div class=\"uvc-sub-heading ult-responsive\"  data-ultimate-target='.uvc-heading.ultimate-heading-20006a01bd1dbb1e3 .uvc-sub-heading '  data-responsive-json-new='{\"font-size\":\"\",\"line-height\":\"desktop:28px;\"}'  style=\"font-weight:normal;margin-bottom:20px;\">Descargar el documento del Plan de ordenamiento Territorial.<\/div><\/div><div class=\" ubtn-ctn-center \"><a class=\"ubtn-link ult-adjust-bottom-margin ubtn-center ubtn-normal \" href=\"https:\/\/gpabdoncalderon.gob.ec\/azuay\/pdot\/\" target=\"_blank\" rel=\"noopener\" ><button type=\"button\" id=\"ubtn-3579\"  class=\"ubtn ult-adjust-bottom-margin ult-responsive ubtn-normal ubtn-fade-bg  ulta-float  ubtn-center   tooltip-6a01bd1dbb202\"  data-hover=\"\" data-border-color=\"\" data-bg=\"#e0e0e0\" data-hover-bg=\"\" data-border-hover=\"\" data-shadow-hover=\"\" data-shadow-click=\"none\" data-shadow=\"\" data-shd-shadow=\"\"  data-ultimate-target='#ubtn-3579'  data-responsive-json-new='{\"font-size\":\"\",\"line-height\":\"\"}'  style=\"font-weight:normal;border:none;background: #e0e0e0;color: #000000;\"><span class=\"ubtn-hover\" style=\"background-color:\"><\/span><span class=\"ubtn-data ubtn-text \" >Descargar<\/span><\/button><\/a><\/div>[\/vc_column_inner][vc_column_inner width=\u00bb1\/3&#8243;]<div class=\"ult-just-icon-wrapper  \"><div class=\"align-icon\" style=\"text-align:center;\">\n<div class=\"aio-icon none \" data-animation=\"swing\" data-animation-delay=\"03\" style=\"color:#ea841e;font-size:80px;display:inline-block;\">\n\t<i class=\"Defaults-camera-retro\"><\/i>\n<\/div><\/div><\/div><div id=\"ultimate-heading-32416a01bd1dbb245\" class=\"uvc-heading ult-adjust-bottom-margin ultimate-heading-32416a01bd1dbb245 uvc-1261 \" data-hspacer=\"no_spacer\"  data-halign=\"center\" style=\"text-align:center\"><div class=\"uvc-heading-spacer no_spacer\" style=\"top\"><\/div><div class=\"uvc-main-heading ult-responsive\"  data-ultimate-target='.uvc-heading.ultimate-heading-32416a01bd1dbb245 h2'  data-responsive-json-new='{\"font-size\":\"desktop:26px;\",\"line-height\":\"desktop:36px;\"}' ><h2 style=\"font-weight:normal;margin-bottom:5px;\">Turismo<\/h2><\/div><div class=\"uvc-sub-heading ult-responsive\"  data-ultimate-target='.uvc-heading.ultimate-heading-32416a01bd1dbb245 .uvc-sub-heading '  data-responsive-json-new='{\"font-size\":\"\",\"line-height\":\"desktop:28px;\"}'  style=\"font-weight:normal;margin-bottom:20px;\">Conoce sobre los atractivos tur\u00edsticos de nuestra parroquia.<\/div><\/div><div class=\" ubtn-ctn-center \"><button type=\"button\" id=\"ubtn-9159\"  class=\"ubtn ult-adjust-bottom-margin ult-responsive ubtn-normal ubtn-fade-bg  ulta-float  ubtn-center   tooltip-6a01bd1dbb261\"  data-hover=\"\" data-border-color=\"\" data-bg=\"#e0e0e0\" data-hover-bg=\"\" data-border-hover=\"\" data-shadow-hover=\"\" data-shadow-click=\"none\" data-shadow=\"\" data-shd-shadow=\"\"  data-ultimate-target='#ubtn-9159'  data-responsive-json-new='{\"font-size\":\"\",\"line-height\":\"\"}'  style=\"font-weight:normal;border:none;background: #e0e0e0;color: #000000;\"><span class=\"ubtn-hover\" style=\"background-color:\"><\/span><span class=\"ubtn-data ubtn-text \" >Ir a Turismo<\/span><\/button><\/div>[\/vc_column_inner][\/vc_row_inner][vc_column_inner][\/vc_column_inner][\/vc_column][\/vc_row][vc_row bg_type=\u00bbimage\u00bb parallax_style=\u00bbvcpb-vz-jquery\u00bb bg_image_new=\u00bbid^399|url^https:\/\/gpabdoncalderon.gob.ec\/azuay\/wp-content\/uploads\/2017\/01\/0003.jpg|caption^null|alt^null|title^0003|description^null\u00bb bg_image_repeat=\u00bbno-repeat\u00bb enable_overlay=\u00bbenable_overlay_value\u00bb overlay_color=\u00bbrgba(0,0,0,0.2)\u00bb css=\u00bb.vc_custom_1595957163770{padding-top: 80px !important;padding-bottom: 80px !important;}\u00bb][vc_column]<div id=\"ultimate-heading-25676a01bd1dbb292\" class=\"uvc-heading ult-adjust-bottom-margin ultimate-heading-25676a01bd1dbb292 uvc-324 accent-border-color\" data-hspacer=\"line_only\"  data-halign=\"center\" style=\"text-align:center\"><div class=\"uvc-main-heading ult-responsive\"  data-ultimate-target='.uvc-heading.ultimate-heading-25676a01bd1dbb292 h2'  data-responsive-json-new='{\"font-size\":\"desktop:40px;\",\"line-height\":\"desktop:50px;\"}' ><h2 style=\"font-weight:normal;color:#ffffff;margin-bottom:15px;\">Turismo en Abd\u00f3n Calder\u00f3n<\/h2><\/div><div class=\"uvc-heading-spacer line_only\" style=\"margin-bottom:60px;height:4px;\"><span class=\"uvc-headings-line\" style=\"border-style:solid;border-bottom-width:4px;border-color:#eeee22;width:100px;\"><\/span><\/div><\/div><div class=\" ubtn-ctn-center \"><a class=\"ubtn-link ult-adjust-bottom-margin ubtn-center ubtn-normal \" href=\"http:\/\/\" ><button type=\"button\" id=\"ubtn-5204\"  class=\"ubtn ult-adjust-bottom-margin ult-responsive ubtn-normal ubtn-fade-bg  ulta-pulse-grow  ubtn-center   tooltip-6a01bd1dbb2b1\"  data-hover=\"\" data-border-color=\"#dd9933\" data-bg=\"#e0e0e0\" data-hover-bg=\"\" data-border-hover=\"\" data-shadow-hover=\"\" data-shadow-click=\"none\" data-shadow=\"\" data-shd-shadow=\"\"  data-ultimate-target='#ubtn-5204'  data-responsive-json-new='{\"font-size\":\"\",\"line-height\":\"\"}'  style=\"font-weight:normal;border-radius:3px;border-width:1px;border-color:#dd9933;border-style:solid;background: #e0e0e0;color: #000000;\"><span class=\"ubtn-hover\" style=\"background-color:\"><\/span><span class=\"ubtn-data ubtn-text \" >Ir a Turismo<\/span><\/button><\/a><\/div>[\/vc_column][\/vc_row][vc_row][vc_column]<div id=\"ultimate-heading-79196a01bd1dbb2ea\" class=\"uvc-heading ult-adjust-bottom-margin ultimate-heading-79196a01bd1dbb2ea uvc-1349 accent-border-color\" data-hspacer=\"line_only\"  data-halign=\"center\" style=\"text-align:center\"><div class=\"uvc-main-heading ult-responsive\"  data-ultimate-target='.uvc-heading.ultimate-heading-79196a01bd1dbb2ea h2'  data-responsive-json-new='{\"font-size\":\"desktop:26px;\",\"line-height\":\"desktop:36px;\"}' ><h2 style=\"font-weight:normal;margin-bottom:15px;\">Mensaje del Se\u00f1or Presidente<\/h2><\/div><div class=\"uvc-heading-spacer line_only\" style=\"margin-bottom:60px;height:4px;\"><span class=\"uvc-headings-line\" style=\"border-style:solid;border-bottom-width:4px;border-color:#eeee22;width:100px;\"><\/span><\/div><\/div>[vc_row_inner][vc_column_inner width=\u00bb1\/2&#8243;][vc_single_image image=\u00bb1697&#8243; img_size=\u00bb200&#215;300&#8243; alignment=\u00bbcenter\u00bb css_animation=\u00bbfadeInLeft\u00bb]<div id=\"ultimate-heading-88816a01bd1dbb304\" class=\"uvc-heading ult-adjust-bottom-margin ultimate-heading-88816a01bd1dbb304 uvc-16 \" data-hspacer=\"no_spacer\"  data-halign=\"center\" style=\"text-align:center\"><div class=\"uvc-heading-spacer no_spacer\" style=\"top\"><\/div><div class=\"uvc-main-heading ult-responsive\"  data-ultimate-target='.uvc-heading.ultimate-heading-88816a01bd1dbb304 h2'  data-responsive-json-new='{\"font-size\":\"desktop:26px;\",\"line-height\":\"desktop:36px;\"}' ><h2 style=\"font-weight:normal;margin-bottom:5px;\">Sr. Gendry Rivera<\/h2><\/div><div class=\"uvc-sub-heading ult-responsive\"  data-ultimate-target='.uvc-heading.ultimate-heading-88816a01bd1dbb304 .uvc-sub-heading '  data-responsive-json-new='{\"font-size\":\"\",\"line-height\":\"desktop:28px;\"}'  style=\"font-weight:normal;margin-bottom:20px;\">\n<p style=\"text-align: center;\"><em>Presidente parroquial<\/em><\/p>\n<\/div><\/div>[\/vc_column_inner][vc_column_inner width=\u00bb1\/2&#8243;][vc_empty_space height=\u00bb42px\u00bb][vc_column_text]\n<div><\/div>\n<div><\/div>\n<div><\/div>\n<blockquote>\n<h4>Un saludo fraterno a todo mi pueblo &#8230;&#8230;&#8230;&#8230;&#8230;&#8230;&#8230;&#8230;&#8230;&#8230;&#8230;&#8230;&#8230;&#8230;&#8230;&#8230;..<\/h4>\n<h4>Presidente del GAD Parroquial<\/h4>\n<\/blockquote>\n[\/vc_column_text][\/vc_column_inner][\/vc_row_inner][\/vc_column][\/vc_row]\n","protected":false},"excerpt":{"rendered":"<p>[vc_row][vc_column width=\u00bb1\/2&#8243;][vc_column_text] La Defensor\u00eda del Pueblo, con la finalidad de reconocer a las entidades que se encuentran obligadas a transparentar y garantizar el acceso a la informaci\u00f3n p\u00fablica, nos dio a conocer que el GAD permite contar con la Insignia anual de registro de catastro 2022, que debera ser incorporada en la p\u00e1gina web y [&hellip;]<\/p>\n","protected":false},"author":6,"featured_media":0,"parent":0,"menu_order":0,"comment_status":"closed","ping_status":"closed","template":"","meta":{"footnotes":""},"class_list":["post-632","page","type-page","status-publish","hentry"],"yoast_head":"<!-- This site is optimized with the Yoast SEO plugin v24.1 - https:\/\/yoast.com\/wordpress\/plugins\/seo\/ -->\n<title>P\u00e1gina Oficial del GAD Abd\u00f3n Calder\u00f3n - GAD parroquial Abd\u00f3n Calder\u00f3n<\/title>\n<meta name=\"robots\" content=\"index, follow, max-snippet:-1, max-image-preview:large, max-video-preview:-1\" \/>\n<link rel=\"canonical\" href=\"https:\/\/gpabdoncalderon.gob.ec\/azuay\/\" \/>\n<meta property=\"og:locale\" content=\"es_ES\" \/>\n<meta property=\"og:type\" content=\"article\" \/>\n<meta property=\"og:title\" content=\"P\u00e1gina Oficial del GAD Abd\u00f3n Calder\u00f3n - GAD parroquial Abd\u00f3n Calder\u00f3n\" \/>\n<meta property=\"og:description\" content=\"[vc_row][vc_column width=\u00bb1\/2&#8243;][vc_column_text] La Defensor\u00eda del Pueblo, con la finalidad de reconocer a las entidades que se encuentran obligadas a transparentar y garantizar el acceso a la informaci\u00f3n p\u00fablica, nos dio a conocer que el GAD permite contar con la Insignia anual de registro de catastro 2022, que debera ser incorporada en la p\u00e1gina web y [&hellip;]\" \/>\n<meta property=\"og:url\" content=\"https:\/\/gpabdoncalderon.gob.ec\/azuay\/\" \/>\n<meta property=\"og:site_name\" content=\"GAD parroquial Abd\u00f3n Calder\u00f3n\" \/>\n<meta property=\"article:modified_time\" content=\"2025-08-21T21:26:50+00:00\" \/>\n<meta property=\"og:image\" content=\"https:\/\/gpabdoncalderon.gob.ec\/azuay\/wp-content\/uploads\/2023\/07\/WhatsApp-Image-2023-07-25-at-11.18.21.jpeg\" \/>\n\t<meta property=\"og:image:width\" content=\"445\" \/>\n\t<meta property=\"og:image:height\" content=\"287\" \/>\n\t<meta property=\"og:image:type\" content=\"image\/jpeg\" \/>\n<meta name=\"twitter:card\" content=\"summary_large_image\" \/>\n<meta name=\"twitter:label1\" content=\"Tiempo de lectura\" \/>\n\t<meta name=\"twitter:data1\" content=\"2 minutos\" \/>\n<script type=\"application\/ld+json\" class=\"yoast-schema-graph\">{\"@context\":\"https:\/\/schema.org\",\"@graph\":[{\"@type\":\"WebPage\",\"@id\":\"https:\/\/gpabdoncalderon.gob.ec\/azuay\/\",\"url\":\"https:\/\/gpabdoncalderon.gob.ec\/azuay\/\",\"name\":\"P\u00e1gina Oficial del GAD Abd\u00f3n Calder\u00f3n - GAD parroquial Abd\u00f3n Calder\u00f3n\",\"isPartOf\":{\"@id\":\"https:\/\/gpabdoncalderon.gob.ec\/azuay\/#website\"},\"primaryImageOfPage\":{\"@id\":\"https:\/\/gpabdoncalderon.gob.ec\/azuay\/#primaryimage\"},\"image\":{\"@id\":\"https:\/\/gpabdoncalderon.gob.ec\/azuay\/#primaryimage\"},\"thumbnailUrl\":\"https:\/\/gpabdoncalderon.gob.ec\/azuay\/wp-content\/uploads\/2023\/07\/WhatsApp-Image-2023-07-25-at-11.18.21.jpeg\",\"datePublished\":\"2020-06-03T22:17:29+00:00\",\"dateModified\":\"2025-08-21T21:26:50+00:00\",\"breadcrumb\":{\"@id\":\"https:\/\/gpabdoncalderon.gob.ec\/azuay\/#breadcrumb\"},\"inLanguage\":\"es\",\"potentialAction\":[{\"@type\":\"ReadAction\",\"target\":[\"https:\/\/gpabdoncalderon.gob.ec\/azuay\/\"]}]},{\"@type\":\"ImageObject\",\"inLanguage\":\"es\",\"@id\":\"https:\/\/gpabdoncalderon.gob.ec\/azuay\/#primaryimage\",\"url\":\"https:\/\/gpabdoncalderon.gob.ec\/azuay\/wp-content\/uploads\/2023\/07\/WhatsApp-Image-2023-07-25-at-11.18.21.jpeg\",\"contentUrl\":\"https:\/\/gpabdoncalderon.gob.ec\/azuay\/wp-content\/uploads\/2023\/07\/WhatsApp-Image-2023-07-25-at-11.18.21.jpeg\",\"width\":445,\"height\":287},{\"@type\":\"BreadcrumbList\",\"@id\":\"https:\/\/gpabdoncalderon.gob.ec\/azuay\/#breadcrumb\",\"itemListElement\":[{\"@type\":\"ListItem\",\"position\":1,\"name\":\"Home\",\"item\":\"https:\/\/gpabdoncalderon.gob.ec\/azuay\/\"},{\"@type\":\"ListItem\",\"position\":2,\"name\":\"P\u00e1gina Oficial del GAD Abd\u00f3n Calder\u00f3n\"}]},{\"@type\":\"WebSite\",\"@id\":\"https:\/\/gpabdoncalderon.gob.ec\/azuay\/#website\",\"url\":\"https:\/\/gpabdoncalderon.gob.ec\/azuay\/\",\"name\":\"GAD parroquial Abd\u00f3n Calder\u00f3n\",\"description\":\"Sitio Oficial del GAD Parroquial Abd\u00f3n Calder\u00f3n Azuay\",\"publisher\":{\"@id\":\"https:\/\/gpabdoncalderon.gob.ec\/azuay\/#organization\"},\"potentialAction\":[{\"@type\":\"SearchAction\",\"target\":{\"@type\":\"EntryPoint\",\"urlTemplate\":\"https:\/\/gpabdoncalderon.gob.ec\/azuay\/?s={search_term_string}\"},\"query-input\":{\"@type\":\"PropertyValueSpecification\",\"valueRequired\":true,\"valueName\":\"search_term_string\"}}],\"inLanguage\":\"es\"},{\"@type\":\"Organization\",\"@id\":\"https:\/\/gpabdoncalderon.gob.ec\/azuay\/#organization\",\"name\":\"GAD Abd\u00f3n Calder\u00f3n\",\"url\":\"https:\/\/gpabdoncalderon.gob.ec\/azuay\/\",\"logo\":{\"@type\":\"ImageObject\",\"inLanguage\":\"es\",\"@id\":\"https:\/\/gpabdoncalderon.gob.ec\/azuay\/#\/schema\/logo\/image\/\",\"url\":\"https:\/\/gpabdoncalderon.gob.ec\/azuay\/wp-content\/uploads\/2020\/06\/logoFooter.png\",\"contentUrl\":\"https:\/\/gpabdoncalderon.gob.ec\/azuay\/wp-content\/uploads\/2020\/06\/logoFooter.png\",\"width\":200,\"height\":150,\"caption\":\"GAD Abd\u00f3n Calder\u00f3n\"},\"image\":{\"@id\":\"https:\/\/gpabdoncalderon.gob.ec\/azuay\/#\/schema\/logo\/image\/\"}}]}<\/script>\n<!-- \/ Yoast SEO plugin. -->","yoast_head_json":{"title":"P\u00e1gina Oficial del GAD Abd\u00f3n Calder\u00f3n - GAD parroquial Abd\u00f3n Calder\u00f3n","robots":{"index":"index","follow":"follow","max-snippet":"max-snippet:-1","max-image-preview":"max-image-preview:large","max-video-preview":"max-video-preview:-1"},"canonical":"https:\/\/gpabdoncalderon.gob.ec\/azuay\/","og_locale":"es_ES","og_type":"article","og_title":"P\u00e1gina Oficial del GAD Abd\u00f3n Calder\u00f3n - GAD parroquial Abd\u00f3n Calder\u00f3n","og_description":"[vc_row][vc_column width=\u00bb1\/2&#8243;][vc_column_text] La Defensor\u00eda del Pueblo, con la finalidad de reconocer a las entidades que se encuentran obligadas a transparentar y garantizar el acceso a la informaci\u00f3n p\u00fablica, nos dio a conocer que el GAD permite contar con la Insignia anual de registro de catastro 2022, que debera ser incorporada en la p\u00e1gina web y [&hellip;]","og_url":"https:\/\/gpabdoncalderon.gob.ec\/azuay\/","og_site_name":"GAD parroquial Abd\u00f3n Calder\u00f3n","article_modified_time":"2025-08-21T21:26:50+00:00","og_image":[{"width":445,"height":287,"url":"https:\/\/gpabdoncalderon.gob.ec\/azuay\/wp-content\/uploads\/2023\/07\/WhatsApp-Image-2023-07-25-at-11.18.21.jpeg","type":"image\/jpeg"}],"twitter_card":"summary_large_image","twitter_misc":{"Tiempo de lectura":"2 minutos"},"schema":{"@context":"https:\/\/schema.org","@graph":[{"@type":"WebPage","@id":"https:\/\/gpabdoncalderon.gob.ec\/azuay\/","url":"https:\/\/gpabdoncalderon.gob.ec\/azuay\/","name":"P\u00e1gina Oficial del GAD Abd\u00f3n Calder\u00f3n - GAD parroquial Abd\u00f3n Calder\u00f3n","isPartOf":{"@id":"https:\/\/gpabdoncalderon.gob.ec\/azuay\/#website"},"primaryImageOfPage":{"@id":"https:\/\/gpabdoncalderon.gob.ec\/azuay\/#primaryimage"},"image":{"@id":"https:\/\/gpabdoncalderon.gob.ec\/azuay\/#primaryimage"},"thumbnailUrl":"https:\/\/gpabdoncalderon.gob.ec\/azuay\/wp-content\/uploads\/2023\/07\/WhatsApp-Image-2023-07-25-at-11.18.21.jpeg","datePublished":"2020-06-03T22:17:29+00:00","dateModified":"2025-08-21T21:26:50+00:00","breadcrumb":{"@id":"https:\/\/gpabdoncalderon.gob.ec\/azuay\/#breadcrumb"},"inLanguage":"es","potentialAction":[{"@type":"ReadAction","target":["https:\/\/gpabdoncalderon.gob.ec\/azuay\/"]}]},{"@type":"ImageObject","inLanguage":"es","@id":"https:\/\/gpabdoncalderon.gob.ec\/azuay\/#primaryimage","url":"https:\/\/gpabdoncalderon.gob.ec\/azuay\/wp-content\/uploads\/2023\/07\/WhatsApp-Image-2023-07-25-at-11.18.21.jpeg","contentUrl":"https:\/\/gpabdoncalderon.gob.ec\/azuay\/wp-content\/uploads\/2023\/07\/WhatsApp-Image-2023-07-25-at-11.18.21.jpeg","width":445,"height":287},{"@type":"BreadcrumbList","@id":"https:\/\/gpabdoncalderon.gob.ec\/azuay\/#breadcrumb","itemListElement":[{"@type":"ListItem","position":1,"name":"Home","item":"https:\/\/gpabdoncalderon.gob.ec\/azuay\/"},{"@type":"ListItem","position":2,"name":"P\u00e1gina Oficial del GAD Abd\u00f3n Calder\u00f3n"}]},{"@type":"WebSite","@id":"https:\/\/gpabdoncalderon.gob.ec\/azuay\/#website","url":"https:\/\/gpabdoncalderon.gob.ec\/azuay\/","name":"GAD parroquial Abd\u00f3n Calder\u00f3n","description":"Sitio Oficial del GAD Parroquial Abd\u00f3n Calder\u00f3n Azuay","publisher":{"@id":"https:\/\/gpabdoncalderon.gob.ec\/azuay\/#organization"},"potentialAction":[{"@type":"SearchAction","target":{"@type":"EntryPoint","urlTemplate":"https:\/\/gpabdoncalderon.gob.ec\/azuay\/?s={search_term_string}"},"query-input":{"@type":"PropertyValueSpecification","valueRequired":true,"valueName":"search_term_string"}}],"inLanguage":"es"},{"@type":"Organization","@id":"https:\/\/gpabdoncalderon.gob.ec\/azuay\/#organization","name":"GAD Abd\u00f3n Calder\u00f3n","url":"https:\/\/gpabdoncalderon.gob.ec\/azuay\/","logo":{"@type":"ImageObject","inLanguage":"es","@id":"https:\/\/gpabdoncalderon.gob.ec\/azuay\/#\/schema\/logo\/image\/","url":"https:\/\/gpabdoncalderon.gob.ec\/azuay\/wp-content\/uploads\/2020\/06\/logoFooter.png","contentUrl":"https:\/\/gpabdoncalderon.gob.ec\/azuay\/wp-content\/uploads\/2020\/06\/logoFooter.png","width":200,"height":150,"caption":"GAD Abd\u00f3n Calder\u00f3n"},"image":{"@id":"https:\/\/gpabdoncalderon.gob.ec\/azuay\/#\/schema\/logo\/image\/"}}]}},"_links":{"self":[{"href":"https:\/\/gpabdoncalderon.gob.ec\/azuay\/wp-json\/wp\/v2\/pages\/632","targetHints":{"allow":["GET"]}}],"collection":[{"href":"https:\/\/gpabdoncalderon.gob.ec\/azuay\/wp-json\/wp\/v2\/pages"}],"about":[{"href":"https:\/\/gpabdoncalderon.gob.ec\/azuay\/wp-json\/wp\/v2\/types\/page"}],"author":[{"embeddable":true,"href":"https:\/\/gpabdoncalderon.gob.ec\/azuay\/wp-json\/wp\/v2\/users\/6"}],"replies":[{"embeddable":true,"href":"https:\/\/gpabdoncalderon.gob.ec\/azuay\/wp-json\/wp\/v2\/comments?post=632"}],"version-history":[{"count":13,"href":"https:\/\/gpabdoncalderon.gob.ec\/azuay\/wp-json\/wp\/v2\/pages\/632\/revisions"}],"predecessor-version":[{"id":2140,"href":"https:\/\/gpabdoncalderon.gob.ec\/azuay\/wp-json\/wp\/v2\/pages\/632\/revisions\/2140"}],"wp:attachment":[{"href":"https:\/\/gpabdoncalderon.gob.ec\/azuay\/wp-json\/wp\/v2\/media?parent=632"}],"curies":[{"name":"wp","href":"https:\/\/api.w.org\/{rel}","templated":true}]}}