{"id":1302,"date":"2023-01-02T14:38:48","date_gmt":"2023-01-02T18:38:48","guid":{"rendered":"https:\/\/gpabdoncalderon.gob.ec\/azuay\/?page_id=1302"},"modified":"2024-06-28T20:21:15","modified_gmt":"2024-06-29T00:21:15","slug":"rendicion-de-cuentas-2023","status":"publish","type":"page","link":"https:\/\/gpabdoncalderon.gob.ec\/azuay\/rendicion-de-cuentas-2023\/","title":{"rendered":"Rendici\u00f3n de Cuentas 2023"},"content":{"rendered":"[vc_row][vc_column][vc_tta_accordion][vc_tta_section title=\u00bbGAD Parroquial\u00bb tab_id=\u00bb1623958227374-5c58b2af-8ac5&#8243;][vc_column_text]\n<p><a href=\"https:\/\/gpabdoncalderon.gob.ec\/azuay\/rendicion-de-cuentas-2023\/proyectos-gdprac\/\" rel=\"attachment wp-att-2071\">PROYECTOS GADPRAC<\/a><\/p>\n<p><a href=\"https:\/\/gpabdoncalderon.gob.ec\/azuay\/rendicion-de-cuentas-2023\/informe-de-rendicion-de-cuentas-ano-2023-signed\/\" rel=\"attachment wp-att-2072\">INFORME DE RENDICI\u00d3N DE CUENTAS A\u00d1O 2023-signed<\/a><\/p>\n<p><a href=\"https:\/\/gpabdoncalderon.gob.ec\/azuay\/rendicion-de-cuentas-2023\/inf-_liq-_pres-_2023-signed\/\" rel=\"attachment wp-att-2073\">INF._LIQ._PRES._2023-signed<\/a><\/p>\n<p><a href=\"https:\/\/gpabdoncalderon.gob.ec\/azuay\/rendicion-de-cuentas-2023\/presupuesto-participativo-2023-gadprac\/\" rel=\"attachment wp-att-2076\">PRESUPUESTO PARTICIPATIVO 2023 GADPRAC<\/a><\/p>\n<p><a href=\"https:\/\/gpabdoncalderon.gob.ec\/azuay\/rendicion-de-cuentas-2023\/asistencia-rendicion-cuentas\/\" rel=\"attachment wp-att-2079\">asistencia rendicion cuentas<\/a><\/p>\n<p><a href=\"https:\/\/gpabdoncalderon.gob.ec\/azuay\/rendicion-de-cuentas-2023\/reglamento-de-participacion-ciudadana-2\/\" rel=\"attachment wp-att-2080\">REGLAMENTO DE PARTICIPACI\u00d3N CIUDADANA<\/a><\/p>\n<p><a href=\"https:\/\/gpabdoncalderon.gob.ec\/azuay\/rendicion-de-cuentas-2023\/registro-fotografico-de-las-reuniones-con-los-lideres-comunitarios-asamblea-local\/\" rel=\"attachment wp-att-2081\">REGISTRO FOTOGRAFICO DE LAS REUNIONES CON LOS LIDERES COMUNITARIOS ASAMBLEA LOCAL<\/a><\/p>\n<p><a href=\"https:\/\/gpabdoncalderon.gob.ec\/azuay\/rendicion-de-cuentas-2023\/actas\/\" rel=\"attachment wp-att-2082\">ACTAS<\/a><\/p>\n<p><a href=\"https:\/\/gpabdoncalderon.gob.ec\/azuay\/rendicion-de-cuentas-2023\/preguntas-rendicion-cuentas-1\/\" rel=\"attachment wp-att-2083\">PREGUNTAS RENDICION CUENTAS (1)<\/a><\/p>\n<p><a href=\"https:\/\/gpabdoncalderon.gob.ec\/azuay\/rendicion-de-cuentas-2023\/oficio-aprobacion-1\/\" rel=\"attachment wp-att-2085\">OFICIO APROBACION (1)<\/a><\/p>\n<p><a href=\"https:\/\/gpabdoncalderon.gob.ec\/azuay\/rendicion-de-cuentas-2023\/infimas\/\" rel=\"attachment wp-att-2087\">INFIMAS<\/a><\/p>\n[\/vc_column_text][\/vc_tta_section][vc_tta_section title=\u00bbPresidente\u00bb tab_id=\u00bb1623958227409-e7d13602-b593&#8243;][vc_column_text]\n<p><a href=\"https:\/\/gpabdoncalderon.gob.ec\/azuay\/rendicion-de-cuentas-2023\/autoridades1-gendry-rivera\/\" rel=\"attachment wp-att-2074\">FORMULARIO PRESIDENTE<\/a><\/p>\n<p>&nbsp;<\/p>\n[\/vc_column_text][\/vc_tta_section][vc_tta_section title=\u00bbVicepresidente\u00bb tab_id=\u00bb1624580923381-cd19b767-4e38&#8243;][vc_column_text]\n<p>&nbsp;<\/p>\n<p>&nbsp;<\/p>\n[\/vc_column_text][\/vc_tta_section][vc_tta_section title=\u00bb1er Vocal\u00bb tab_id=\u00bb1623958297630-1198d4bc-8fad\u00bb][vc_column_text]\n<p>&nbsp;<\/p>\n<p>&nbsp;<\/p>\n[\/vc_column_text][\/vc_tta_section][vc_tta_section title=\u00bb2do Vocal\u00bb tab_id=\u00bb1623958330451-fee7c70c-7d92&#8243;][vc_column_text]\n<p><a href=\"https:\/\/gpabdoncalderon.gob.ec\/azuay\/rendicion-de-cuentas-2023\/formulario-rendicion-de-cuentas-fernando-naranjo\/\" rel=\"attachment wp-att-2075\">FORMULARIO RENDICION DE CUENTAS FERNANDO NARANJO<\/a><\/p>\n<p>&nbsp;<\/p>\n[\/vc_column_text][\/vc_tta_section][vc_tta_section title=\u00bb3er Vocal\u00bb tab_id=\u00bb1623958332553-aa29634c-0caa\u00bb][vc_column_text]\n<p><a href=\"https:\/\/gpabdoncalderon.gob.ec\/azuay\/rendicion-de-cuentas-2023\/autoridades-7\/\" rel=\"attachment wp-att-2077\">FORMULARIO RENDICION PATRICIA BARROS<\/a><\/p>\n<p>&nbsp;<\/p>\n[\/vc_column_text][\/vc_tta_section][\/vc_tta_accordion][vc_column_text]\n<p>&nbsp;<\/p>\n<p>PROYECTO MANTENIMIENTO DE ESPACIOS PUBLICOS<\/p>\n[\/vc_column_text][\/vc_column][\/vc_row]\n","protected":false},"excerpt":{"rendered":"<p>[vc_row][vc_column][vc_tta_accordion][vc_tta_section title=\u00bbGAD Parroquial\u00bb tab_id=\u00bb1623958227374-5c58b2af-8ac5&#8243;][vc_column_text] PROYECTOS GADPRAC INFORME DE RENDICI\u00d3N DE CUENTAS A\u00d1O 2023-signed INF._LIQ._PRES._2023-signed PRESUPUESTO PARTICIPATIVO 2023 GADPRAC asistencia rendicion cuentas REGLAMENTO DE PARTICIPACI\u00d3N CIUDADANA REGISTRO FOTOGRAFICO DE LAS REUNIONES CON LOS LIDERES COMUNITARIOS ASAMBLEA LOCAL ACTAS PREGUNTAS RENDICION CUENTAS (1) OFICIO APROBACION (1) INFIMAS [\/vc_column_text][\/vc_tta_section][vc_tta_section title=\u00bbPresidente\u00bb tab_id=\u00bb1623958227409-e7d13602-b593&#8243;][vc_column_text] FORMULARIO PRESIDENTE &nbsp; [\/vc_column_text][\/vc_tta_section][vc_tta_section title=\u00bbVicepresidente\u00bb tab_id=\u00bb1624580923381-cd19b767-4e38&#8243;][vc_column_text] &nbsp; [&hellip;]<\/p>\n","protected":false},"author":6,"featured_media":0,"parent":0,"menu_order":0,"comment_status":"closed","ping_status":"closed","template":"","meta":{"footnotes":""},"class_list":["post-1302","page","type-page","status-publish","hentry"],"yoast_head":"<!-- This site is optimized with the Yoast SEO plugin v24.1 - https:\/\/yoast.com\/wordpress\/plugins\/seo\/ -->\n<title>Rendici\u00f3n de Cuentas 2023 - GAD parroquial Abd\u00f3n Calder\u00f3n<\/title>\n<meta name=\"robots\" content=\"index, follow, max-snippet:-1, max-image-preview:large, max-video-preview:-1\" \/>\n<link rel=\"canonical\" href=\"https:\/\/gpabdoncalderon.gob.ec\/azuay\/rendicion-de-cuentas-2023\/\" \/>\n<meta property=\"og:locale\" content=\"es_ES\" \/>\n<meta property=\"og:type\" content=\"article\" \/>\n<meta property=\"og:title\" content=\"Rendici\u00f3n de Cuentas 2023 - GAD parroquial Abd\u00f3n Calder\u00f3n\" \/>\n<meta property=\"og:description\" content=\"[vc_row][vc_column][vc_tta_accordion][vc_tta_section title=\u00bbGAD Parroquial\u00bb tab_id=\u00bb1623958227374-5c58b2af-8ac5&#8243;][vc_column_text] PROYECTOS GADPRAC INFORME DE RENDICI\u00d3N DE CUENTAS A\u00d1O 2023-signed INF._LIQ._PRES._2023-signed PRESUPUESTO PARTICIPATIVO 2023 GADPRAC asistencia rendicion cuentas REGLAMENTO DE PARTICIPACI\u00d3N CIUDADANA REGISTRO FOTOGRAFICO DE LAS REUNIONES CON LOS LIDERES COMUNITARIOS ASAMBLEA LOCAL ACTAS PREGUNTAS RENDICION CUENTAS (1) OFICIO APROBACION (1) INFIMAS [\/vc_column_text][\/vc_tta_section][vc_tta_section title=\u00bbPresidente\u00bb tab_id=\u00bb1623958227409-e7d13602-b593&#8243;][vc_column_text] FORMULARIO PRESIDENTE &nbsp; [\/vc_column_text][\/vc_tta_section][vc_tta_section title=\u00bbVicepresidente\u00bb tab_id=\u00bb1624580923381-cd19b767-4e38&#8243;][vc_column_text] &nbsp; [&hellip;]\" \/>\n<meta property=\"og:url\" content=\"https:\/\/gpabdoncalderon.gob.ec\/azuay\/rendicion-de-cuentas-2023\/\" \/>\n<meta property=\"og:site_name\" content=\"GAD parroquial Abd\u00f3n Calder\u00f3n\" \/>\n<meta property=\"article:modified_time\" content=\"2024-06-29T00:21:15+00:00\" \/>\n<meta name=\"twitter:card\" content=\"summary_large_image\" \/>\n<meta name=\"twitter:label1\" content=\"Tiempo de lectura\" \/>\n\t<meta name=\"twitter:data1\" content=\"1 minuto\" \/>\n<script type=\"application\/ld+json\" class=\"yoast-schema-graph\">{\"@context\":\"https:\/\/schema.org\",\"@graph\":[{\"@type\":\"WebPage\",\"@id\":\"https:\/\/gpabdoncalderon.gob.ec\/azuay\/rendicion-de-cuentas-2023\/\",\"url\":\"https:\/\/gpabdoncalderon.gob.ec\/azuay\/rendicion-de-cuentas-2023\/\",\"name\":\"Rendici\u00f3n de Cuentas 2023 - GAD parroquial Abd\u00f3n Calder\u00f3n\",\"isPartOf\":{\"@id\":\"https:\/\/gpabdoncalderon.gob.ec\/azuay\/#website\"},\"datePublished\":\"2023-01-02T18:38:48+00:00\",\"dateModified\":\"2024-06-29T00:21:15+00:00\",\"breadcrumb\":{\"@id\":\"https:\/\/gpabdoncalderon.gob.ec\/azuay\/rendicion-de-cuentas-2023\/#breadcrumb\"},\"inLanguage\":\"es\",\"potentialAction\":[{\"@type\":\"ReadAction\",\"target\":[\"https:\/\/gpabdoncalderon.gob.ec\/azuay\/rendicion-de-cuentas-2023\/\"]}]},{\"@type\":\"BreadcrumbList\",\"@id\":\"https:\/\/gpabdoncalderon.gob.ec\/azuay\/rendicion-de-cuentas-2023\/#breadcrumb\",\"itemListElement\":[{\"@type\":\"ListItem\",\"position\":1,\"name\":\"Home\",\"item\":\"https:\/\/gpabdoncalderon.gob.ec\/azuay\/\"},{\"@type\":\"ListItem\",\"position\":2,\"name\":\"Rendici\u00f3n de Cuentas 2023\"}]},{\"@type\":\"WebSite\",\"@id\":\"https:\/\/gpabdoncalderon.gob.ec\/azuay\/#website\",\"url\":\"https:\/\/gpabdoncalderon.gob.ec\/azuay\/\",\"name\":\"GAD parroquial Abd\u00f3n Calder\u00f3n\",\"description\":\"Sitio Oficial del GAD Parroquial Abd\u00f3n Calder\u00f3n Azuay\",\"publisher\":{\"@id\":\"https:\/\/gpabdoncalderon.gob.ec\/azuay\/#organization\"},\"potentialAction\":[{\"@type\":\"SearchAction\",\"target\":{\"@type\":\"EntryPoint\",\"urlTemplate\":\"https:\/\/gpabdoncalderon.gob.ec\/azuay\/?s={search_term_string}\"},\"query-input\":{\"@type\":\"PropertyValueSpecification\",\"valueRequired\":true,\"valueName\":\"search_term_string\"}}],\"inLanguage\":\"es\"},{\"@type\":\"Organization\",\"@id\":\"https:\/\/gpabdoncalderon.gob.ec\/azuay\/#organization\",\"name\":\"GAD Abd\u00f3n Calder\u00f3n\",\"url\":\"https:\/\/gpabdoncalderon.gob.ec\/azuay\/\",\"logo\":{\"@type\":\"ImageObject\",\"inLanguage\":\"es\",\"@id\":\"https:\/\/gpabdoncalderon.gob.ec\/azuay\/#\/schema\/logo\/image\/\",\"url\":\"https:\/\/gpabdoncalderon.gob.ec\/azuay\/wp-content\/uploads\/2020\/06\/logoFooter.png\",\"contentUrl\":\"https:\/\/gpabdoncalderon.gob.ec\/azuay\/wp-content\/uploads\/2020\/06\/logoFooter.png\",\"width\":200,\"height\":150,\"caption\":\"GAD Abd\u00f3n Calder\u00f3n\"},\"image\":{\"@id\":\"https:\/\/gpabdoncalderon.gob.ec\/azuay\/#\/schema\/logo\/image\/\"}}]}<\/script>\n<!-- \/ Yoast SEO plugin. -->","yoast_head_json":{"title":"Rendici\u00f3n de Cuentas 2023 - GAD parroquial Abd\u00f3n Calder\u00f3n","robots":{"index":"index","follow":"follow","max-snippet":"max-snippet:-1","max-image-preview":"max-image-preview:large","max-video-preview":"max-video-preview:-1"},"canonical":"https:\/\/gpabdoncalderon.gob.ec\/azuay\/rendicion-de-cuentas-2023\/","og_locale":"es_ES","og_type":"article","og_title":"Rendici\u00f3n de Cuentas 2023 - GAD parroquial Abd\u00f3n Calder\u00f3n","og_description":"[vc_row][vc_column][vc_tta_accordion][vc_tta_section title=\u00bbGAD Parroquial\u00bb tab_id=\u00bb1623958227374-5c58b2af-8ac5&#8243;][vc_column_text] PROYECTOS GADPRAC INFORME DE RENDICI\u00d3N DE CUENTAS A\u00d1O 2023-signed INF._LIQ._PRES._2023-signed PRESUPUESTO PARTICIPATIVO 2023 GADPRAC asistencia rendicion cuentas REGLAMENTO DE PARTICIPACI\u00d3N CIUDADANA REGISTRO FOTOGRAFICO DE LAS REUNIONES CON LOS LIDERES COMUNITARIOS ASAMBLEA LOCAL ACTAS PREGUNTAS RENDICION CUENTAS (1) OFICIO APROBACION (1) INFIMAS [\/vc_column_text][\/vc_tta_section][vc_tta_section title=\u00bbPresidente\u00bb tab_id=\u00bb1623958227409-e7d13602-b593&#8243;][vc_column_text] FORMULARIO PRESIDENTE &nbsp; [\/vc_column_text][\/vc_tta_section][vc_tta_section title=\u00bbVicepresidente\u00bb tab_id=\u00bb1624580923381-cd19b767-4e38&#8243;][vc_column_text] &nbsp; [&hellip;]","og_url":"https:\/\/gpabdoncalderon.gob.ec\/azuay\/rendicion-de-cuentas-2023\/","og_site_name":"GAD parroquial Abd\u00f3n Calder\u00f3n","article_modified_time":"2024-06-29T00:21:15+00:00","twitter_card":"summary_large_image","twitter_misc":{"Tiempo de lectura":"1 minuto"},"schema":{"@context":"https:\/\/schema.org","@graph":[{"@type":"WebPage","@id":"https:\/\/gpabdoncalderon.gob.ec\/azuay\/rendicion-de-cuentas-2023\/","url":"https:\/\/gpabdoncalderon.gob.ec\/azuay\/rendicion-de-cuentas-2023\/","name":"Rendici\u00f3n de Cuentas 2023 - GAD parroquial Abd\u00f3n Calder\u00f3n","isPartOf":{"@id":"https:\/\/gpabdoncalderon.gob.ec\/azuay\/#website"},"datePublished":"2023-01-02T18:38:48+00:00","dateModified":"2024-06-29T00:21:15+00:00","breadcrumb":{"@id":"https:\/\/gpabdoncalderon.gob.ec\/azuay\/rendicion-de-cuentas-2023\/#breadcrumb"},"inLanguage":"es","potentialAction":[{"@type":"ReadAction","target":["https:\/\/gpabdoncalderon.gob.ec\/azuay\/rendicion-de-cuentas-2023\/"]}]},{"@type":"BreadcrumbList","@id":"https:\/\/gpabdoncalderon.gob.ec\/azuay\/rendicion-de-cuentas-2023\/#breadcrumb","itemListElement":[{"@type":"ListItem","position":1,"name":"Home","item":"https:\/\/gpabdoncalderon.gob.ec\/azuay\/"},{"@type":"ListItem","position":2,"name":"Rendici\u00f3n de Cuentas 2023"}]},{"@type":"WebSite","@id":"https:\/\/gpabdoncalderon.gob.ec\/azuay\/#website","url":"https:\/\/gpabdoncalderon.gob.ec\/azuay\/","name":"GAD parroquial Abd\u00f3n Calder\u00f3n","description":"Sitio Oficial del GAD Parroquial Abd\u00f3n Calder\u00f3n Azuay","publisher":{"@id":"https:\/\/gpabdoncalderon.gob.ec\/azuay\/#organization"},"potentialAction":[{"@type":"SearchAction","target":{"@type":"EntryPoint","urlTemplate":"https:\/\/gpabdoncalderon.gob.ec\/azuay\/?s={search_term_string}"},"query-input":{"@type":"PropertyValueSpecification","valueRequired":true,"valueName":"search_term_string"}}],"inLanguage":"es"},{"@type":"Organization","@id":"https:\/\/gpabdoncalderon.gob.ec\/azuay\/#organization","name":"GAD Abd\u00f3n Calder\u00f3n","url":"https:\/\/gpabdoncalderon.gob.ec\/azuay\/","logo":{"@type":"ImageObject","inLanguage":"es","@id":"https:\/\/gpabdoncalderon.gob.ec\/azuay\/#\/schema\/logo\/image\/","url":"https:\/\/gpabdoncalderon.gob.ec\/azuay\/wp-content\/uploads\/2020\/06\/logoFooter.png","contentUrl":"https:\/\/gpabdoncalderon.gob.ec\/azuay\/wp-content\/uploads\/2020\/06\/logoFooter.png","width":200,"height":150,"caption":"GAD Abd\u00f3n Calder\u00f3n"},"image":{"@id":"https:\/\/gpabdoncalderon.gob.ec\/azuay\/#\/schema\/logo\/image\/"}}]}},"_links":{"self":[{"href":"https:\/\/gpabdoncalderon.gob.ec\/azuay\/wp-json\/wp\/v2\/pages\/1302","targetHints":{"allow":["GET"]}}],"collection":[{"href":"https:\/\/gpabdoncalderon.gob.ec\/azuay\/wp-json\/wp\/v2\/pages"}],"about":[{"href":"https:\/\/gpabdoncalderon.gob.ec\/azuay\/wp-json\/wp\/v2\/types\/page"}],"author":[{"embeddable":true,"href":"https:\/\/gpabdoncalderon.gob.ec\/azuay\/wp-json\/wp\/v2\/users\/6"}],"replies":[{"embeddable":true,"href":"https:\/\/gpabdoncalderon.gob.ec\/azuay\/wp-json\/wp\/v2\/comments?post=1302"}],"version-history":[{"count":8,"href":"https:\/\/gpabdoncalderon.gob.ec\/azuay\/wp-json\/wp\/v2\/pages\/1302\/revisions"}],"predecessor-version":[{"id":2088,"href":"https:\/\/gpabdoncalderon.gob.ec\/azuay\/wp-json\/wp\/v2\/pages\/1302\/revisions\/2088"}],"wp:attachment":[{"href":"https:\/\/gpabdoncalderon.gob.ec\/azuay\/wp-json\/wp\/v2\/media?parent=1302"}],"curies":[{"name":"wp","href":"https:\/\/api.w.org\/{rel}","templated":true}]}}